{"id":579,"date":"2021-08-12T01:09:15","date_gmt":"2021-08-11T23:09:15","guid":{"rendered":"https:\/\/lacarrierefest.be\/?page_id=579"},"modified":"2025-06-09T14:24:32","modified_gmt":"2025-06-09T12:24:32","slug":"coeur-a-lindex","status":"publish","type":"page","link":"https:\/\/lacarrierefest.be\/line-up\/coeur-a-lindex\/","title":{"rendered":""},"content":{"rendered":"\n<h1 class=\"wp-block-heading has-text-align-left\">C\u0152UR \u00c0 L&#8217;INDEX<\/h1>\n\n\n\n<p class=\"has-text-align-left\">#brussels #marseille #powerpop #chanson<\/p>\n\n\n\n<div class=\"wp-block-columns is-layout-flex wp-container-core-columns-is-layout-28f84493 wp-block-columns-is-layout-flex\">\n<div class=\"wp-block-column is-layout-flow wp-block-column-is-layout-flow\">\n<p>Il se trame quelque chose entre Marseille et Bruxelles&#8230; Entre la signature de La Flemme sur Exag\u2019 Records et l\u2019\u00e9mergence de groupes belgo-marseillais comme Pursses ou Almost Lovers, une \u00e9trange connivence se tisse entre ces deux villes que tout \u2014 ou presque, \u00e0 commencer par les 1000 bornes qui les s\u00e9parent \u2014 oppose.<\/p>\n\n\n\n<p>Derni\u00e8re preuve en date : la formation de C\u0153ur \u00e0 l\u2019index (ou CALIN, pour les intimes), un trio compos\u00e9 de Julia, Charlotte et Poggy \u2014 des rockeuses phoc\u00e9ennes bas\u00e9es \u00e0 BruxelleruXL et crois\u00e9es dans Les Concordes, Poggy et les K\u00e9fars, ou Stalled Minds \u2014 qui partagent un go\u00fbt commun pour le punk m\u00e9lodique, la power pop et les tubes bubblegum des ann\u00e9es 80 (coucou Lio !).<\/p>\n\n\n\n<p>Un m\u00e9lange so French-so fresh qui n\u2019a pas<\/p>\n\n\n\n<p>tard\u00e9 \u00e0 traverser la Manche : le groupe a en effet sorti son premier EP sur le tr\u00e8s cool label anglais <strong>La Vida Es Un Mus<\/strong>.<\/p>\n\n\n\n<p><img decoding=\"async\" width=\"16\" height=\"16\" src=\"https:\/\/static.xx.fbcdn.net\/images\/emoji.php\/v9\/tf3\/1.5\/16\/2764.png\" alt=\"\u2764\"> Pour les fans de Elli et Jacno, Requin Chagrin, Vivian Girls.<\/p>\n\n\n\n<div class=\"wp-block-wpzoom-blocks-social-icons is-style-with-canvas-round\" style=\"--wpz-social-icons-block-item-font-size:18px;--wpz-social-icons-block-item-padding-horizontal:6px;--wpz-social-icons-block-item-padding-vertical:6px;--wpz-social-icons-block-item-margin-horizontal:5px;--wpz-social-icons-block-item-margin-vertical:5px;--wpz-social-icons-block-item-border-radius:50px;--wpz-social-icons-block-label-font-size:16px;--wpz-social-icons-block-label-color:#2e3131;--wpz-social-icons-block-label-color-hover:#2e3131;--wpz-social-icons-alignment:flex-start\"><a href=\"https:\/\/www.instagram.com\/coeuralindex\/\" class=\"social-icon-link\" title=\"Instagram\" style=\"--wpz-social-icons-block-item-color:#E4405F;--wpz-social-icons-block-item-color-hover:#E4405F\"><span class=\"social-icon socicon socicon-instagram\"><\/span><\/a><\/div>\n<\/div>\n\n\n\n<div class=\"wp-block-column is-layout-flow wp-block-column-is-layout-flow\">\n<figure class=\"wp-block-embed is-type-video is-provider-youtube wp-block-embed-youtube wp-embed-aspect-4-3 wp-has-aspect-ratio\"><div class=\"wp-block-embed__wrapper\">\n<iframe title=\"Rattrapez Moi\" width=\"800\" height=\"600\" src=\"https:\/\/www.youtube.com\/embed\/XFadj5Rak2o?feature=oembed\" frameborder=\"0\" allow=\"accelerometer; autoplay; clipboard-write; encrypted-media; gyroscope; picture-in-picture; web-share\" referrerpolicy=\"strict-origin-when-cross-origin\" allowfullscreen><\/iframe>\n<\/div><\/figure>\n\n\n\n<figure class=\"wp-block-embed is-type-video is-provider-youtube wp-block-embed-youtube wp-embed-aspect-4-3 wp-has-aspect-ratio\"><div class=\"wp-block-embed__wrapper\">\n<iframe title=\"Minette\" width=\"800\" height=\"600\" src=\"https:\/\/www.youtube.com\/embed\/T7AGnVGddfY?feature=oembed\" frameborder=\"0\" allow=\"accelerometer; autoplay; clipboard-write; encrypted-media; gyroscope; picture-in-picture; web-share\" referrerpolicy=\"strict-origin-when-cross-origin\" allowfullscreen><\/iframe>\n<\/div><\/figure>\n\n\n\n<figure class=\"wp-block-embed alignright is-type-rich is-provider-spotify wp-block-embed-spotify wp-embed-aspect-21-9 wp-has-aspect-ratio\"><div class=\"wp-block-embed__wrapper\">\n<iframe title=\"Spotify Embed: C\u0152UR A L&amp;apos;INDEX\" style=\"border-radius: 12px\" width=\"100%\" height=\"352\" frameborder=\"0\" allowfullscreen allow=\"autoplay; clipboard-write; encrypted-media; fullscreen; picture-in-picture\" loading=\"lazy\" src=\"https:\/\/open.spotify.com\/embed\/artist\/68JhXASytZWR5mYaCJ9cBS?si=AlIiCo4nTXuHtzbD9y-NAg&amp;utm_source=oembed\"><\/iframe>\n<\/div><\/figure>\n<\/div>\n<\/div>\n","protected":false},"excerpt":{"rendered":"<p>C\u0152UR \u00c0 L&#8217;INDEX #brussels #marseille #powerpop #chanson Il se trame quelque chose entre Marseille et Bruxelles&#8230; Entre la signature de La Flemme sur Exag\u2019 Records et l\u2019\u00e9mergence de groupes belgo-marseillais comme Pursses ou Almost Lovers, une \u00e9trange connivence se tisse entre ces deux villes que tout \u2014 ou presque, \u00e0 commencer par les 1000 bornes [&hellip;]<\/p>\n","protected":false},"author":1,"featured_media":0,"parent":150,"menu_order":6,"comment_status":"closed","ping_status":"closed","template":"","meta":{"_monsterinsights_skip_tracking":false,"_monsterinsights_sitenote_active":false,"_monsterinsights_sitenote_note":"","_monsterinsights_sitenote_category":0,"footnotes":""},"class_list":["post-579","page","type-page","status-publish","hentry"],"_links":{"self":[{"href":"https:\/\/lacarrierefest.be\/wp-json\/wp\/v2\/pages\/579","targetHints":{"allow":["GET"]}}],"collection":[{"href":"https:\/\/lacarrierefest.be\/wp-json\/wp\/v2\/pages"}],"about":[{"href":"https:\/\/lacarrierefest.be\/wp-json\/wp\/v2\/types\/page"}],"author":[{"embeddable":true,"href":"https:\/\/lacarrierefest.be\/wp-json\/wp\/v2\/users\/1"}],"replies":[{"embeddable":true,"href":"https:\/\/lacarrierefest.be\/wp-json\/wp\/v2\/comments?post=579"}],"version-history":[{"count":6,"href":"https:\/\/lacarrierefest.be\/wp-json\/wp\/v2\/pages\/579\/revisions"}],"predecessor-version":[{"id":1313,"href":"https:\/\/lacarrierefest.be\/wp-json\/wp\/v2\/pages\/579\/revisions\/1313"}],"up":[{"embeddable":true,"href":"https:\/\/lacarrierefest.be\/wp-json\/wp\/v2\/pages\/150"}],"wp:attachment":[{"href":"https:\/\/lacarrierefest.be\/wp-json\/wp\/v2\/media?parent=579"}],"curies":[{"name":"wp","href":"https:\/\/api.w.org\/{rel}","templated":true}]}}